{"id":61,"date":"2017-12-05T14:04:39","date_gmt":"2017-12-05T20:04:39","guid":{"rendered":"https:\/\/librosparatodos.cr\/_secundaria\/?page_id=61"},"modified":"2020-06-03T10:58:52","modified_gmt":"2020-06-03T16:58:52","slug":"examenes","status":"publish","type":"page","link":"https:\/\/librosparatodos.cr\/_secundaria\/?page_id=61","title":{"rendered":"Ex\u00e1menes"},"content":{"rendered":"<section class=\"kc-elm kc-css-982287 kc_row\"><div class=\"kc-row-container  kc-container\"><div class=\"kc-wrap-columns\"><div class=\"kc-elm kc-css-49864 kc_col-sm-12 kc_column kc_col-sm-12\"><div class=\"kc-col-container\"><div class=\"kc-elm kc-css-67160 kc_text_block\"><\/p>\n<p>En esta secci\u00f3n encontrar\u00e1 pr\u00e1cticas de examen por materia.<\/p>\n<p><!-- \/.btnsL --><\/p>\n<p>\n<\/div><div class=\"kc-elm kc-css-985903\" style=\"height: 40px; clear: both; width:100%;\"><\/div><\/div><\/div><\/div><\/div><\/section><section class=\"kc-elm kc-css-869328 kc_row\"><div class=\"kc-row-container  kc-container\"><div class=\"kc-wrap-columns\"><div class=\"kc-elm kc-css-640420 kc_col-sm-12 kc_column kc_col-sm-12\"><div class=\"kc-col-container\">\n<div class=\"kc-elm kc-css-643147 agrupar\">\n\t<a class=\"kc_button\" href=\"https:\/\/librosparatodos.cr\/_secundaria\/generador\/main.php?mat=ciencias&amp;act=1&amp;vista=1\" target=\"_blank\" title=\"Ciencias\" onclick=\"\">\n\t\tCiencias\t<\/a>\n<\/div>\n\n<div class=\"kc-elm kc-css-715591 agrupar\">\n\t<a class=\"kc_button\" href=\"https:\/\/librosparatodos.cr\/_secundaria\/generador\/main.php?mat=sociales&amp;act=1&amp;vista=1\" target=\"_blank\" title=\"Estudios Sociales\" onclick=\"\">\n\t\tEstudios Sociales\t<\/a>\n<\/div>\n\n<div class=\"kc-elm kc-css-835619 agrupar\">\n\t<a class=\"kc_button\" href=\"https:\/\/librosparatodos.cr\/_secundaria\/generador\/main.php?mat=biologia&amp;act=1&amp;vista=1\" target=\"_blank\" title=\"Biolog\u00eda\" onclick=\"\">\n\t\tBiolog\u00eda\t<\/a>\n<\/div>\n\n<div class=\"kc-elm kc-css-445390 agrupar\">\n\t<a class=\"kc_button\" href=\"https:\/\/librosparatodos.cr\/_secundaria\/generador\/main.php?mat=fisica&amp;act=1&amp;vista=1\" target=\"_blank\" title=\"F\u00edsica\" onclick=\"\">\n\t\tF\u00edsica\t<\/a>\n<\/div>\n\n<div class=\"kc-elm kc-css-864344 agrupar\">\n\t<a class=\"kc_button\" href=\"https:\/\/librosparatodos.cr\/_secundaria\/generador\/main.php?mat=quimica&amp;act=1&amp;vista=1\" target=\"_blank\" title=\"Qu\u00edmica\" onclick=\"\">\n\t\tQu\u00edmica\t<\/a>\n<\/div>\n<\/div><\/div><\/div><\/div><\/section><section class=\"kc-elm kc_row\"><div class=\"kc-row-container  kc-container\"><div class=\"kc-wrap-columns\"><div class=\"kc-elm kc-css-71958 kc_col-sm-12 kc_column kc_col-sm-12\"><div class=\"kc-col-container\">\n<div class=\"kc-elm kc-css-246273 divider_line\">\n\t<div class=\"divider_inner divider_line1\">\n\t\t\t<\/div>\n<\/div>\n<\/div><\/div><\/div><\/div><\/section>\n","protected":false},"excerpt":{"rendered":"En esta secci\u00f3n encontrar\u00e1 pr\u00e1cticas de examen por materia. Ciencias Estudios Sociales Biolog\u00eda F\u00edsica Qu\u00edmica","protected":false},"author":1,"featured_media":0,"parent":13,"menu_order":0,"comment_status":"closed","ping_status":"closed","template":"","meta":{"footnotes":""},"class_list":["post-61","page","type-page","status-publish","hentry"],"_links":{"self":[{"href":"https:\/\/librosparatodos.cr\/_secundaria\/index.php?rest_route=\/wp\/v2\/pages\/61","targetHints":{"allow":["GET"]}}],"collection":[{"href":"https:\/\/librosparatodos.cr\/_secundaria\/index.php?rest_route=\/wp\/v2\/pages"}],"about":[{"href":"https:\/\/librosparatodos.cr\/_secundaria\/index.php?rest_route=\/wp\/v2\/types\/page"}],"author":[{"embeddable":true,"href":"https:\/\/librosparatodos.cr\/_secundaria\/index.php?rest_route=\/wp\/v2\/users\/1"}],"replies":[{"embeddable":true,"href":"https:\/\/librosparatodos.cr\/_secundaria\/index.php?rest_route=%2Fwp%2Fv2%2Fcomments&post=61"}],"version-history":[{"count":31,"href":"https:\/\/librosparatodos.cr\/_secundaria\/index.php?rest_route=\/wp\/v2\/pages\/61\/revisions"}],"predecessor-version":[{"id":14470,"href":"https:\/\/librosparatodos.cr\/_secundaria\/index.php?rest_route=\/wp\/v2\/pages\/61\/revisions\/14470"}],"up":[{"embeddable":true,"href":"https:\/\/librosparatodos.cr\/_secundaria\/index.php?rest_route=\/wp\/v2\/pages\/13"}],"wp:attachment":[{"href":"https:\/\/librosparatodos.cr\/_secundaria\/index.php?rest_route=%2Fwp%2Fv2%2Fmedia&parent=61"}],"curies":[{"name":"wp","href":"https:\/\/api.w.org\/{rel}","templated":true}]}}